{"id":86,"date":"2026-01-16T11:40:03","date_gmt":"2026-01-16T10:40:03","guid":{"rendered":"https:\/\/victorangeldesign.com\/?page_id=86"},"modified":"2026-01-17T22:48:32","modified_gmt":"2026-01-17T21:48:32","slug":"contact","status":"publish","type":"page","link":"https:\/\/victorangeldesign.com\/es\/contact\/","title":{"rendered":"contacto"},"content":{"rendered":"<div class=\"wp-block-columns is-layout-flex wp-container-core-columns-is-layout-28f84493 wp-block-columns-is-layout-flex\">\n<div class=\"wp-block-column is-layout-flow wp-block-column-is-layout-flow\">\n<h2 data-wp-context---core-fit-text=\"core\/fit-text::{&quot;fontSize&quot;:&quot;&quot;}\" data-wp-init---core-fit-text=\"core\/fit-text::callbacks.init\" data-wp-interactive data-wp-style--font-size=\"core\/fit-text::context.fontSize\" class=\"wp-block-heading has-fit-text has-primary-color has-text-color has-link-color wp-elements-30d72e898e2b3023b697e76245dc0aa3\" style=\"font-style:normal;font-weight:500\">CONTACTO<\/h2>\n<\/div>\n\n\n\n<div class=\"wp-block-column is-layout-flow wp-block-column-is-layout-flow\"><\/div>\n\n\n\n<div class=\"wp-block-column is-layout-flow wp-block-column-is-layout-flow\"><\/div>\n<\/div>\n\n\n\n<div class=\"wp-block-columns is-layout-flex wp-container-core-columns-is-layout-28f84493 wp-block-columns-is-layout-flex\">\n<div class=\"wp-block-column is-layout-flow wp-container-core-column-is-layout-8a368f38 wp-block-column-is-layout-flow\">\n<h2 class=\"wp-block-heading has-primary-color has-text-color has-link-color wp-elements-bf57352d83960c543996943affc4f795\">Instagram<\/h2>\n\n\n\n<h2 class=\"wp-block-heading has-primary-color has-text-color has-link-color wp-elements-1ecf391bd8861f496c30e35c517b968c\">LinkedIn<\/h2>\n\n\n\n<h2 class=\"wp-block-heading has-primary-color has-text-color has-link-color wp-elements-9414223614a8bd9bad8f9dc7dff743fa\">Behance<\/h2>\n<\/div>\n\n\n\n<div class=\"wp-block-column is-layout-flow wp-block-column-is-layout-flow\">\n<p class=\"has-primary-color has-text-color has-link-color wp-elements-fa6511150036b6e9775b6a9a55608759\" style=\"text-transform:uppercase\">Todos los proyectos empiezan en alg\u00fan sitio. Con una idea, una conversaci\u00f3n o la simple intenci\u00f3n de construir algo significativo.<\/p>\n\n\n\n<p class=\"has-primary-color has-text-color has-link-color wp-elements-f195daac49358ac5872790372c53c328\" style=\"text-transform:uppercase\">Resido en Sevilla (Espa\u00f1a) y trabajo en distintos lugares, disciplinas e idiomas. Si tienes una idea, una pregunta o un proyecto en mente, partamos de ah\u00ed.<\/p>\n<\/div>\n\n\n\n<div class=\"wp-block-column is-layout-flow wp-block-column-is-layout-flow\"><\/div>\n\n\n\n<div class=\"wp-block-column is-layout-flow wp-container-core-column-is-layout-8a368f38 wp-block-column-is-layout-flow\">\n<p class=\"has-primary-color has-text-color has-link-color wp-elements-5285a186c1ea8852f938ceffa1959cb1\">Remoto(en todo el mundo)<\/p>\n\n\n\n<p class=\"has-primary-color has-text-color has-link-color wp-elements-72035f81f7336ecb4dc1a270a2552e80\">Sevilla(Espa\u00f1a)<\/p>\n\n\n\n<div class=\"wp-block-group is-nowrap is-layout-flex wp-container-core-group-is-layout-6c531013 wp-block-group-is-layout-flex\">\n<figure class=\"wp-block-image size-full\"><img loading=\"lazy\" decoding=\"async\" width=\"40\" height=\"17\" src=\"https:\/\/victorangeldesign.com\/wp-content\/uploads\/2026\/01\/Rectangle-6.jpg\" alt=\"\" class=\"wp-image-93\"\/><\/figure>\n\n\n\n<p class=\"has-primary-color has-text-color has-link-color wp-elements-016a95e888891d9790de7eb544db6df8\">hola@victorangeldesign.com<\/p>\n<\/div>\n\n\n\n<p class=\"has-primary-color has-text-color has-link-color wp-elements-03c3008578eec088e68a0875eb0a9ff6\">Env\u00edeme un correo!<\/p>\n<\/div>\n<\/div>\n\n\n\n\n\n<div class=\"wp-block-group is-vertical is-layout-flex wp-container-core-group-is-layout-fe9cc265 wp-block-group-is-layout-flex\">\n<style>\n\n.botonIdioma{\n  position: fixed;\n  bottom: 20px;\n  right: 40px;\n  z-index: 9999;\n  transition: all 0.25s ease;\nbackground-color: rgba(255, 255, 255, 0.3);\nbackdrop-filter: blur(6px);\nbox-shadow: 0px 0px 12px rgba(10, 10, 10, 0.2);\n}\n\n.textoEnlace {\ncolor: black;\ntransition: all 0.25s ease;\n}\n\n.botonIdioma:hover {\n  background-color: #ADA5F7;\n  cursor: pointer;\n  gap: 30px;\n}\n\n.botonIdioma .iconoCambio {\ntransition: all 0.25s ease;\n}\n\n.botonIdioma:hover .iconoCambio {\ntransform: rotate(180deg);\n}\n\n.botonIdioma:hover .textoEnlace {\ncolor: white;\n}\n\n<\/style>\n\n\n\n<div class=\"wp-block-group botonIdioma is-nowrap is-layout-flex wp-container-core-group-is-layout-1fb516c3 wp-block-group-is-layout-flex\" style=\"border-top-left-radius:100px;border-top-right-radius:100px;border-bottom-left-radius:100px;border-bottom-right-radius:100px;padding-top:4px;padding-right:14px;padding-bottom:4px;padding-left:8px\">      \n\t\t\t<div class=\"uagb-icon-wrapper uagb-block-f82e7298 iconoCambio\"\n\t\t\tstyle=\"\" >\n\t\t\t\t\t\t\t\t\t<span class=\"uagb-svg-wrapper\" \n\t\t\t\t\t aria-label=\"arrows-rotate\"\t\t\t\t\ttabindex=\"0\">\t\t\n\t\t\t\t\t\t\t\t\t\t<svg xmlns=\"https:\/\/www.w3.org\/2000\/svg\" viewbox= \"0 0 512 512\" role=\"graphics-symbol\" aria-hidden=\"false\" aria-label=\"\"><path d=\"M464 16c-17.67 0-32 14.31-32 32v74.09C392.1 66.52 327.4 32 256 32C161.5 32 78.59 92.34 49.58 182.2c-5.438 16.81 3.797 34.88 20.61 40.28c16.89 5.5 34.88-3.812 40.3-20.59C130.9 138.5 189.4 96 256 96c50.5 0 96.26 24.55 124.4 64H336c-17.67 0-32 14.31-32 32s14.33 32 32 32h128c17.67 0 32-14.31 32-32V48C496 30.31 481.7 16 464 16zM441.8 289.6c-16.92-5.438-34.88 3.812-40.3 20.59C381.1 373.5 322.6 416 256 416c-50.5 0-96.25-24.55-124.4-64H176c17.67 0 32-14.31 32-32s-14.33-32-32-32h-128c-17.67 0-32 14.31-32 32v144c0 17.69 14.33 32 32 32s32-14.31 32-32v-74.09C119.9 445.5 184.6 480 255.1 480c94.45 0 177.4-60.34 206.4-150.2C467.9 313 458.6 294.1 441.8 289.6z\"><\/path><\/svg>\n\t\t\t\t\t\t\t\t\t<\/span>\n\t\t\t\t\t\t\t<\/div>\n\t\t\t\n\n\n<p><a href=\"https:\/\/victorangeldesign.com\/en\/contact\/\" class=\"textoEnlace\">EN<\/a><\/p>\n<\/div>\n<\/div>","protected":false},"excerpt":{"rendered":"<p>CONTACT Instagram LinkedIn Behance Every project starts somewhere. With an idea, a conversation, or a simple intention to build something meaningful. Based in Seville, Spain, I work across places, disciplines, and languages. If you have a thought, a question, or a project in mind, let\u2019s start from there. Remote(Worldwide) Seville(Spain) hola@victorangeldesign.com Send me an email! [&hellip;]<\/p>\n","protected":false},"author":1,"featured_media":0,"parent":0,"menu_order":0,"comment_status":"closed","ping_status":"closed","template":"plantilla-personalizada-fondo-blanco","meta":{"_acf_changed":false,"_uag_custom_page_level_css":"","footnotes":""},"class_list":["post-86","page","type-page","status-publish","hentry"],"acf":[],"uagb_featured_image_src":{"full":false,"thumbnail":false,"medium":false,"medium_large":false,"large":false,"1536x1536":false,"2048x2048":false,"trp-custom-language-flag":false},"uagb_author_info":{"display_name":"vangqui","author_link":"https:\/\/victorangeldesign.com\/es\/author\/vangqui\/"},"uagb_comment_info":0,"uagb_excerpt":"CONTACT Instagram LinkedIn Behance Every project starts somewhere. With an idea, a conversation, or a simple intention to build something meaningful. Based in Seville, Spain, I work across places, disciplines, and languages. If you have a thought, a question, or a project in mind, let\u2019s start from there. Remote(Worldwide) Seville(Spain) hola@victorangeldesign.com Send me an email!&hellip;","_links":{"self":[{"href":"https:\/\/victorangeldesign.com\/es\/wp-json\/wp\/v2\/pages\/86","targetHints":{"allow":["GET"]}}],"collection":[{"href":"https:\/\/victorangeldesign.com\/es\/wp-json\/wp\/v2\/pages"}],"about":[{"href":"https:\/\/victorangeldesign.com\/es\/wp-json\/wp\/v2\/types\/page"}],"author":[{"embeddable":true,"href":"https:\/\/victorangeldesign.com\/es\/wp-json\/wp\/v2\/users\/1"}],"replies":[{"embeddable":true,"href":"https:\/\/victorangeldesign.com\/es\/wp-json\/wp\/v2\/comments?post=86"}],"version-history":[{"count":59,"href":"https:\/\/victorangeldesign.com\/es\/wp-json\/wp\/v2\/pages\/86\/revisions"}],"predecessor-version":[{"id":526,"href":"https:\/\/victorangeldesign.com\/es\/wp-json\/wp\/v2\/pages\/86\/revisions\/526"}],"wp:attachment":[{"href":"https:\/\/victorangeldesign.com\/es\/wp-json\/wp\/v2\/media?parent=86"}],"curies":[{"name":"wp","href":"https:\/\/api.w.org\/{rel}","templated":true}]}}