{"id":97,"date":"2026-01-16T11:39:57","date_gmt":"2026-01-16T10:39:57","guid":{"rendered":"https:\/\/victorangeldesign.com\/?page_id=97"},"modified":"2026-03-17T13:22:57","modified_gmt":"2026-03-17T12:22:57","slug":"about","status":"publish","type":"page","link":"https:\/\/victorangeldesign.com\/es\/about\/","title":{"rendered":"sobre m\u00ed"},"content":{"rendered":"<div class=\"wp-block-columns is-layout-flex wp-container-core-columns-is-layout-28f84493 wp-block-columns-is-layout-flex\">\n<div class=\"wp-block-column is-layout-flow wp-block-column-is-layout-flow\"><\/div>\n\n\n\n<div class=\"wp-block-column has-large-font-size is-layout-flow wp-block-column-is-layout-flow\">\n<p>El dise\u00f1o me encontr\u00f3 en Varsovia, durante un proyecto de voluntariado de la Uni\u00f3n Europea en el que me encargu\u00e9 de la comunicaci\u00f3n digital y la identidad visual de una organizaci\u00f3n sin \u00e1nimo de lucro local. Lo que comenz\u00f3 como una responsabilidad se convirti\u00f3 en mi camino.<\/p>\n\n\n\n<p>Mi formaci\u00f3n tuvo lugar en el CEI: Escuela de Estudios de Innovaci\u00f3n de Sevilla, y la complet\u00e9 con cursos independientes y una pr\u00e1ctica de lectura constante que no ha cesado desde entonces.<\/p>\n\n\n\n<p>Me dedico al dise\u00f1o web, editorial y la identidad visual, y siento un inter\u00e9s constante por la programaci\u00f3n, los sistemas de identidad flexibles y la teor\u00eda del color como herramientas para lograr una comunicaci\u00f3n m\u00e1s clara y meditada.<\/p>\n\n\n\n<p>M\u00e1s all\u00e1 del trabajo con los clientes, la producci\u00f3n musical, la escritura y la fotograf\u00eda forman parte integral de mi forma de pensar.<\/p>\n<\/div>\n\n\n\n<div class=\"wp-block-column is-layout-flow wp-block-column-is-layout-flow\"><\/div>\n<\/div>\n\n\n\n<div class=\"wp-block-columns is-layout-flex wp-container-core-columns-is-layout-28f84493 wp-block-columns-is-layout-flex\">\n<div class=\"wp-block-column is-layout-flow wp-block-column-is-layout-flow\"><\/div>\n\n\n\n<div class=\"wp-block-column is-layout-flow wp-block-column-is-layout-flow\"><\/div>\n\n\n\n<div class=\"wp-block-column is-layout-flow wp-block-column-is-layout-flow\">\n<figure class=\"wp-block-image size-full\"><img loading=\"lazy\" decoding=\"async\" width=\"455\" height=\"604\" src=\"https:\/\/victorangeldesign.com\/wp-content\/uploads\/2026\/01\/D6AE91B4-20F6-4084-AB1D-F50814DB7F92_1_105_c-1-1.jpg\" alt=\"\" class=\"wp-image-529\" srcset=\"https:\/\/victorangeldesign.com\/wp-content\/uploads\/2026\/01\/D6AE91B4-20F6-4084-AB1D-F50814DB7F92_1_105_c-1-1.jpg 455w, https:\/\/victorangeldesign.com\/wp-content\/uploads\/2026\/01\/D6AE91B4-20F6-4084-AB1D-F50814DB7F92_1_105_c-1-1-226x300.jpg 226w, https:\/\/victorangeldesign.com\/wp-content\/uploads\/2026\/01\/D6AE91B4-20F6-4084-AB1D-F50814DB7F92_1_105_c-1-1-9x12.jpg 9w\" sizes=\"auto, (max-width: 455px) 100vw, 455px\" \/><\/figure>\n<\/div>\n\n\n\n<div class=\"wp-block-column is-layout-flow wp-block-column-is-layout-flow\"><\/div>\n<\/div>\n\n\n\n<div class=\"wp-block-columns is-layout-flex wp-container-core-columns-is-layout-28f84493 wp-block-columns-is-layout-flex\">\n<div class=\"wp-block-column is-layout-flow wp-block-column-is-layout-flow\"><\/div>\n\n\n\n<div class=\"wp-block-column is-layout-flow wp-block-column-is-layout-flow\">\n<p>M\u00e1s all\u00e1 del trabajo con los clientes, la producci\u00f3n musical, la escritura y la fotograf\u00eda forman parte integral de mi forma de pensar.<\/p>\n\n\n\n<p>Trabajo con plazos claros y validaci\u00f3n por fases, lo que significa que los proyectos avanzan sin dejar de lado el margen para la experimentaci\u00f3n. La organizaci\u00f3n es una elecci\u00f3n estructural, no una limitaci\u00f3n.<\/p>\n\n\n\n<p>Valoro a los clientes que se implican sin caer en el microgesti\u00f3n. Menos reuniones, m\u00e1s confianza, mejores resultados.<\/p>\n<\/div>\n\n\n\n<div class=\"wp-block-column is-layout-flow wp-block-column-is-layout-flow\"><\/div>\n\n\n\n<div class=\"wp-block-column is-layout-flow wp-block-column-is-layout-flow\"><\/div>\n<\/div>\n\n\n\n<div class=\"wp-block-columns is-layout-flex wp-container-core-columns-is-layout-28f84493 wp-block-columns-is-layout-flex\">\n<div class=\"wp-block-column is-layout-flow wp-block-column-is-layout-flow\"><\/div>\n\n\n\n<div class=\"wp-block-column is-layout-flow wp-block-column-is-layout-flow\">\n<h2 class=\"wp-block-heading\">Areas de trabajo<\/h2>\n<\/div>\n\n\n\n<div class=\"wp-block-column is-layout-flow wp-block-column-is-layout-flow\">\n<p>Identidad visual<br>Direcci\u00f3n de Arte<br>Editorial<br>Packaging<br>Redes sociales<br>Comunicaci\u00f3n digital<br>Web<\/p>\n<\/div>\n\n\n\n<div class=\"wp-block-column is-layout-flow wp-block-column-is-layout-flow\"><\/div>\n<\/div>\n\n\n\n<div class=\"wp-block-columns is-layout-flex wp-container-core-columns-is-layout-28f84493 wp-block-columns-is-layout-flex\">\n<div class=\"wp-block-column is-layout-flow wp-block-column-is-layout-flow\"><\/div>\n\n\n\n<div class=\"wp-block-column is-layout-flow wp-block-column-is-layout-flow\">\n<style>\n.wp-container-core-group-is-layout-acc8bb78 .wp-block-image img {\n  transition: transform 0.25s ease-in-out;\n}\n.wp-container-core-group-is-layout-acc8bb78 .wp-block-image:hover img {\n  transform: rotate(20deg);\n}\n<\/style>\n<\/div>\n\n\n\n<div class=\"wp-block-column is-layout-flow wp-block-column-is-layout-flow\">\n<h2 class=\"wp-block-heading\">Herramientas<\/h2>\n<\/div>\n\n\n\n<div class=\"wp-block-column is-layout-flow wp-block-column-is-layout-flow\">\n<div class=\"wp-block-group is-nowrap is-layout-flex wp-container-core-group-is-layout-6c531013 wp-block-group-is-layout-flex\">\n<div class=\"wp-block-group is-layout-grid wp-container-core-group-is-layout-acc8bb78 wp-block-group-is-layout-grid\">\n<figure class=\"wp-block-image size-full\"><img loading=\"lazy\" decoding=\"async\" width=\"32\" height=\"32\" src=\"https:\/\/victorangeldesign.com\/wp-content\/uploads\/2026\/01\/webflow.png\" alt=\"\" class=\"wp-image-111\"\/><\/figure>\n\n\n\n<figure class=\"wp-block-image size-full has-custom-border\"><img loading=\"lazy\" decoding=\"async\" width=\"32\" height=\"32\" src=\"https:\/\/victorangeldesign.com\/wp-content\/uploads\/2026\/01\/original-527e27b5a2a52ef7a6700759fa558e2a-ezgif.com-resize.gif\" alt=\"\" class=\"wp-image-128\" style=\"border-top-left-radius:6px;border-top-right-radius:6px;border-bottom-left-radius:6px;border-bottom-right-radius:6px\"\/><\/figure>\n\n\n\n<figure class=\"wp-block-image size-full\"><img loading=\"lazy\" decoding=\"async\" width=\"32\" height=\"32\" src=\"https:\/\/victorangeldesign.com\/wp-content\/uploads\/2026\/01\/figma.png\" alt=\"\" class=\"wp-image-112\"\/><\/figure>\n\n\n\n<figure class=\"wp-block-image size-full\"><img loading=\"lazy\" decoding=\"async\" width=\"32\" height=\"32\" src=\"https:\/\/victorangeldesign.com\/wp-content\/uploads\/2026\/01\/wordpress.png\" alt=\"\" class=\"wp-image-113\"\/><\/figure>\n\n\n\n<figure class=\"wp-block-image size-full\"><img loading=\"lazy\" decoding=\"async\" width=\"32\" height=\"32\" src=\"https:\/\/victorangeldesign.com\/wp-content\/uploads\/2026\/01\/ps.png\" alt=\"\" class=\"wp-image-114\"\/><\/figure>\n\n\n\n<figure class=\"wp-block-image size-full\"><img loading=\"lazy\" decoding=\"async\" width=\"32\" height=\"32\" src=\"https:\/\/victorangeldesign.com\/wp-content\/uploads\/2026\/01\/ai.png\" alt=\"\" class=\"wp-image-115\"\/><\/figure>\n\n\n\n<figure class=\"wp-block-image size-full\"><img loading=\"lazy\" decoding=\"async\" width=\"32\" height=\"32\" src=\"https:\/\/victorangeldesign.com\/wp-content\/uploads\/2026\/01\/id.png\" alt=\"\" class=\"wp-image-116\"\/><\/figure>\n\n\n\n<figure class=\"wp-block-image size-full\"><img loading=\"lazy\" decoding=\"async\" width=\"32\" height=\"32\" src=\"https:\/\/victorangeldesign.com\/wp-content\/uploads\/2026\/01\/aff.png\" alt=\"\" class=\"wp-image-119\"\/><\/figure>\n\n\n\n<figure class=\"wp-block-image size-full\"><img loading=\"lazy\" decoding=\"async\" width=\"32\" height=\"32\" src=\"https:\/\/victorangeldesign.com\/wp-content\/uploads\/2026\/01\/pdf.png\" alt=\"\" class=\"wp-image-121\"\/><\/figure>\n\n\n\n<figure class=\"wp-block-image size-full\"><img loading=\"lazy\" decoding=\"async\" width=\"32\" height=\"32\" src=\"https:\/\/victorangeldesign.com\/wp-content\/uploads\/2026\/01\/capcut.png\" alt=\"\" class=\"wp-image-122\"\/><\/figure>\n\n\n\n<figure class=\"wp-block-image size-full\"><img loading=\"lazy\" decoding=\"async\" width=\"32\" height=\"32\" src=\"https:\/\/victorangeldesign.com\/wp-content\/uploads\/2026\/01\/pr.png\" alt=\"\" class=\"wp-image-123\"\/><\/figure>\n\n\n\n<figure class=\"wp-block-image size-full\"><img loading=\"lazy\" decoding=\"async\" width=\"32\" height=\"32\" src=\"https:\/\/victorangeldesign.com\/wp-content\/uploads\/2026\/01\/capcutpro.png\" alt=\"\" class=\"wp-image-124\"\/><\/figure>\n\n\n\n<figure class=\"wp-block-image size-full\"><img loading=\"lazy\" decoding=\"async\" width=\"32\" height=\"32\" src=\"https:\/\/victorangeldesign.com\/wp-content\/uploads\/2026\/01\/html.png\" alt=\"\" class=\"wp-image-125\"\/><\/figure>\n\n\n\n<figure class=\"wp-block-image size-full\"><img loading=\"lazy\" decoding=\"async\" width=\"32\" height=\"32\" src=\"https:\/\/victorangeldesign.com\/wp-content\/uploads\/2026\/01\/css.png\" alt=\"\" class=\"wp-image-126\"\/><\/figure>\n\n\n\n<figure class=\"wp-block-image size-full\"><img loading=\"lazy\" decoding=\"async\" width=\"32\" height=\"32\" src=\"https:\/\/victorangeldesign.com\/wp-content\/uploads\/2026\/01\/js.png\" alt=\"\" class=\"wp-image-127\"\/><\/figure>\n<\/div>\n<\/div>\n<\/div>\n<\/div>\n\n\n\n<div class=\"wp-block-columns is-layout-flex wp-container-core-columns-is-layout-28f84493 wp-block-columns-is-layout-flex\">\n<div class=\"wp-block-column is-layout-flow wp-block-column-is-layout-flow\">\n<h2 class=\"wp-block-heading\">He trabajado con<\/h2>\n<\/div>\n\n\n\n<div class=\"wp-block-column is-layout-flow wp-block-column-is-layout-flow\">\n<p>Improving Logistics &amp; Consulting<br>Universitat de Val\u00e8ncia<br>Terraincognita<br>Manuel Del Valle Bouzid - Mou<\/p>\n<\/div>\n\n\n\n<div class=\"wp-block-column is-layout-flow wp-block-column-is-layout-flow\"><\/div>\n\n\n\n<div class=\"wp-block-column is-layout-flow wp-block-column-is-layout-flow\"><\/div>\n<\/div>\n\n\n\n<div class=\"wp-block-columns is-layout-flex wp-container-core-columns-is-layout-28f84493 wp-block-columns-is-layout-flex\">\n<div class=\"wp-block-column is-layout-flow wp-block-column-is-layout-flow\"><\/div>\n\n\n\n<div class=\"wp-block-column is-layout-flow wp-block-column-is-layout-flow\"><\/div>\n\n\n\n<div class=\"wp-block-column is-layout-flow wp-block-column-is-layout-flow\">\n<h2 class=\"wp-block-heading\">Filosof\u00eda<\/h2>\n<\/div>\n\n\n\n<div class=\"wp-block-column is-layout-flow wp-block-column-is-layout-flow\">\n<p>Un buen dise\u00f1o es una mejor interpretaci\u00f3n de una idea. Mi objetivo en cada proyecto es dejarlo m\u00e1s coherente, m\u00e1s expresivo y m\u00e1s eficaz de lo que lo encontr\u00e9.<\/p>\n<\/div>\n<\/div>\n\n\n\n<div class=\"wp-block-columns is-layout-flex wp-container-core-columns-is-layout-28f84493 wp-block-columns-is-layout-flex\">\n<div class=\"wp-block-column is-layout-flow wp-block-column-is-layout-flow\"><\/div>\n\n\n\n<div class=\"wp-block-column is-layout-flow wp-block-column-is-layout-flow\">\n<h2 class=\"wp-block-heading\">Publicaciones<\/h2>\n<\/div>\n\n\n\n<div class=\"wp-block-column is-layout-flow wp-block-column-is-layout-flow\">\n<p>Edificios Vicios Indoor (2024) Fanzine AmuroEdiciones<br>\u00c9rase una vez en Varsovia (2024) Fanzine AmuroEdiciones<br>Aproximaci\u00f3n al paisaje popular de L'horta (2025) Archivo Fern\u00e1ndo Gil<br>Cartel de San Valent\u00edn (2025) BountyHunters<\/p>\n<\/div>\n\n\n\n<div class=\"wp-block-column is-layout-flow wp-block-column-is-layout-flow\"><\/div>\n<\/div>\n\n\n\n<div class=\"wp-block-columns is-layout-flex wp-container-core-columns-is-layout-28f84493 wp-block-columns-is-layout-flex\">\n<div class=\"wp-block-column is-layout-flow wp-block-column-is-layout-flow\">\n<h2 class=\"wp-block-heading\">Reconocimientos<\/h2>\n<\/div>\n\n\n\n<div class=\"wp-block-column is-layout-flow wp-block-column-is-layout-flow\">\n<p>2025 - Finalista en la categor\u00eda de Fotograf\u00eda en la XIX Muestra Crea Sevilla Joven con el Fanzine \u00ab\u00c9rase una vez en Varsovia\u00bb.<\/p>\n<\/div>\n\n\n\n<div class=\"wp-block-column is-layout-flow wp-block-column-is-layout-flow\"><\/div>\n\n\n\n<div class=\"wp-block-column is-layout-flow wp-block-column-is-layout-flow\"><\/div>\n<\/div>\n\n\n\n<div class=\"wp-block-columns is-layout-flex wp-container-core-columns-is-layout-28f84493 wp-block-columns-is-layout-flex\">\n<div class=\"wp-block-column is-layout-flow wp-block-column-is-layout-flow\"><\/div>\n\n\n\n<div class=\"wp-block-column is-layout-flow wp-block-column-is-layout-flow\"><\/div>\n\n\n\n<div class=\"wp-block-column is-layout-flow wp-block-column-is-layout-flow\">\n<h2 class=\"wp-block-heading\">Puedo hablar<\/h2>\n<\/div>\n\n\n\n<div class=\"wp-block-column is-layout-flow wp-block-column-is-layout-flow\">\n<p>Espa\u00f1ol (nativo)<br>Ingl\u00e9s (fluido)<br>Italiano (Intermedio)<br>Franc\u00e9s (b\u00e1sico)<\/p>\n<\/div>\n<\/div>\n\n\n\n<div class=\"wp-block-columns is-layout-flex wp-container-core-columns-is-layout-28f84493 wp-block-columns-is-layout-flex\">\n<div class=\"wp-block-column is-layout-flow wp-block-column-is-layout-flow\"><\/div>\n\n\n\n<div class=\"wp-block-column is-layout-flow wp-block-column-is-layout-flow\">\n<p>Con sede en Sevilla, pero con presencia en todo el mundo. Si algo de lo que se describe te interesa, ponte en contacto conmigo.<\/p>\n\n\n\n\n\n<div class=\"wp-block-group is-vertical is-layout-flex wp-container-core-group-is-layout-fe9cc265 wp-block-group-is-layout-flex\">\n<style>\n\n.botonIdioma{\n  position: fixed;\n  bottom: 20px;\n  right: 40px;\n  z-index: 9999;\n  border: 1px solid #200ADF;\n  background-color: rgba(255, 255, 255, 0.05);\nbackdrop-filter: blur(6px);\nbox-shadow: 0px 0px 12px rgba(10, 10, 10, 0.2);\n  transition: all 0.25s ease;\n}\n\n.textoEnlace {\ncolor: black;\ntransition: all 0.25s ease;\n}\n\n.botonIdioma:hover {\n  background-color: #ADA5F7;\n  border: 1px solid #ADA5F7;\n  cursor: pointer;\n  gap: 30px;\n}\n\n.botonIdioma .iconoCambio {\ntransition: all 0.25s ease;\n}\n\n.botonIdioma:hover .iconoCambio {\ntransform: rotate(180deg);\n}\n\n.botonIdioma:hover .textoEnlace {\ncolor: white;\n}\n\n<\/style>\n\n\n\n<div class=\"wp-block-group botonIdioma is-nowrap is-layout-flex wp-container-core-group-is-layout-1fb516c3 wp-block-group-is-layout-flex\" style=\"border-top-left-radius:100px;border-top-right-radius:100px;border-bottom-left-radius:100px;border-bottom-right-radius:100px;padding-top:4px;padding-right:14px;padding-bottom:4px;padding-left:8px\">      \n\t\t\t<div class=\"uagb-icon-wrapper uagb-block-b805999b iconoCambio\"\n\t\t\tstyle=\"\" >\n\t\t\t\t\t\t\t\t\t<span class=\"uagb-svg-wrapper\" \n\t\t\t\t\t aria-label=\"arrows-rotate\"\t\t\t\t\ttabindex=\"0\">\t\t\n\t\t\t\t\t\t\t\t\t\t<svg xmlns=\"https:\/\/www.w3.org\/2000\/svg\" viewbox= \"0 0 512 512\" role=\"graphics-symbol\" aria-hidden=\"false\" aria-label=\"\"><path d=\"M464 16c-17.67 0-32 14.31-32 32v74.09C392.1 66.52 327.4 32 256 32C161.5 32 78.59 92.34 49.58 182.2c-5.438 16.81 3.797 34.88 20.61 40.28c16.89 5.5 34.88-3.812 40.3-20.59C130.9 138.5 189.4 96 256 96c50.5 0 96.26 24.55 124.4 64H336c-17.67 0-32 14.31-32 32s14.33 32 32 32h128c17.67 0 32-14.31 32-32V48C496 30.31 481.7 16 464 16zM441.8 289.6c-16.92-5.438-34.88 3.812-40.3 20.59C381.1 373.5 322.6 416 256 416c-50.5 0-96.25-24.55-124.4-64H176c17.67 0 32-14.31 32-32s-14.33-32-32-32h-128c-17.67 0-32 14.31-32 32v144c0 17.69 14.33 32 32 32s32-14.31 32-32v-74.09C119.9 445.5 184.6 480 255.1 480c94.45 0 177.4-60.34 206.4-150.2C467.9 313 458.6 294.1 441.8 289.6z\"><\/path><\/svg>\n\t\t\t\t\t\t\t\t\t<\/span>\n\t\t\t\t\t\t\t<\/div>\n\t\t\t\n\n\n<p><a href=\"https:\/\/victorangeldesign.com\/en\/about\/\" class=\"textoEnlace\">EN<\/a><\/p>\n<\/div>\n<\/div>\n<\/div>\n\n\n\n<div class=\"wp-block-column is-layout-flow wp-block-column-is-layout-flow\"><\/div>\n<\/div>","protected":false},"excerpt":{"rendered":"<p>Design found me in Warsaw, during a European Union volunteering project where I led digital communication and visual identity for a local non-profit. What started as a responsibility became a direction. My training took place at CEI: School of Innovation Studies in Seville, expanded through independent courses and a consistent reading practice that hasn&#8217;t stopped [&hellip;]<\/p>\n","protected":false},"author":1,"featured_media":0,"parent":0,"menu_order":0,"comment_status":"closed","ping_status":"closed","template":"pp-blue","meta":{"_acf_changed":false,"_uag_custom_page_level_css":"","footnotes":""},"class_list":["post-97","page","type-page","status-publish","hentry"],"acf":[],"uagb_featured_image_src":{"full":false,"thumbnail":false,"medium":false,"medium_large":false,"large":false,"1536x1536":false,"2048x2048":false,"trp-custom-language-flag":false},"uagb_author_info":{"display_name":"vangqui","author_link":"https:\/\/victorangeldesign.com\/es\/author\/vangqui\/"},"uagb_comment_info":0,"uagb_excerpt":"Design found me in Warsaw, during a European Union volunteering project where I led digital communication and visual identity for a local non-profit. What started as a responsibility became a direction. My training took place at CEI: School of Innovation Studies in Seville, expanded through independent courses and a consistent reading practice that hasn&#8217;t stopped&hellip;","_links":{"self":[{"href":"https:\/\/victorangeldesign.com\/es\/wp-json\/wp\/v2\/pages\/97","targetHints":{"allow":["GET"]}}],"collection":[{"href":"https:\/\/victorangeldesign.com\/es\/wp-json\/wp\/v2\/pages"}],"about":[{"href":"https:\/\/victorangeldesign.com\/es\/wp-json\/wp\/v2\/types\/page"}],"author":[{"embeddable":true,"href":"https:\/\/victorangeldesign.com\/es\/wp-json\/wp\/v2\/users\/1"}],"replies":[{"embeddable":true,"href":"https:\/\/victorangeldesign.com\/es\/wp-json\/wp\/v2\/comments?post=97"}],"version-history":[{"count":35,"href":"https:\/\/victorangeldesign.com\/es\/wp-json\/wp\/v2\/pages\/97\/revisions"}],"predecessor-version":[{"id":953,"href":"https:\/\/victorangeldesign.com\/es\/wp-json\/wp\/v2\/pages\/97\/revisions\/953"}],"wp:attachment":[{"href":"https:\/\/victorangeldesign.com\/es\/wp-json\/wp\/v2\/media?parent=97"}],"curies":[{"name":"wp","href":"https:\/\/api.w.org\/{rel}","templated":true}]}}